{"id":62,"date":"2020-06-03T09:27:20","date_gmt":"2020-06-03T12:27:20","guid":{"rendered":"https:\/\/peteletricaufu.com.br\/?page_id=62"},"modified":"2024-06-19T14:25:45","modified_gmt":"2024-06-19T17:25:45","slug":"certificados","status":"publish","type":"page","link":"https:\/\/peteletricaufu.com.br\/pet\/certificados\/","title":{"rendered":"Certificados"},"content":{"rendered":"\t\t<div data-elementor-type=\"wp-post\" data-elementor-id=\"62\" class=\"elementor elementor-62\" data-elementor-post-type=\"page\">\n\t\t\t\t\t\t<section class=\"elementor-section elementor-top-section elementor-element elementor-element-c4ca467 elementor-section-boxed elementor-section-height-default elementor-section-height-default\" data-id=\"c4ca467\" data-element_type=\"section\" data-e-type=\"section\">\n\t\t\t\t\t\t<div class=\"elementor-container elementor-column-gap-default\">\n\t\t\t\t\t<div class=\"elementor-column elementor-col-100 elementor-top-column elementor-element elementor-element-fe82dfd\" data-id=\"fe82dfd\" data-element_type=\"column\" data-e-type=\"column\">\n\t\t\t<div class=\"elementor-widget-wrap elementor-element-populated\">\n\t\t\t\t\t\t<div class=\"elementor-element elementor-element-fc9943d elementor-widget elementor-widget-text-editor\" data-id=\"fc9943d\" data-element_type=\"widget\" data-e-type=\"widget\" data-widget_type=\"text-editor.default\">\n\t\t\t\t<div class=\"elementor-widget-container\">\n\t\t\t\t\t\t\t\t\t<p style=\"font-size: 20px; text-align: justify;\">Para os certificados de atividades cadastradas no <a href=\"http:\/\/www.siae.proae.ufu.br\/aeCertificado\/pesquisar\">SIAE<\/a> (Sistema de Informa\u00e7\u00e3o de Assuntos Estudantis) ou no <a href=\"http:\/\/www.siex.proexc.ufu.br\/certificado\/pesquisar\">SIEX<\/a> (Sistema de Informa\u00e7\u00e3o de Extens\u00e3o), clique nos respectivos nomes para acessar os sites e buscar os certificados.\u00a0<span style=\"color: var( --e-global-color-text ); font-family: var( --e-global-typography-text-font-family ), Sans-serif; font-weight: var( --e-global-typography-text-font-weight );\">Os demais certificados est\u00e3o dispon\u00edveis clicando nos bot\u00f5es abaixo. Caso o seu n\u00e3o tenha sido emitido ou esteja incorreto, entre em contato conosco informando mais detalhes sobre o problema.<\/span><\/p><p style=\"font-size: 20px; text-align: justify;\"><span style=\"color: #ff0000;\"><strong>Obs:<\/strong><\/span> Para certificados em franc\u00eas, digite os primeiros quatro d\u00edgitos do seu CPF para desbloquear\u00a0 o arquivo. J\u00e1 para os de ingl\u00eas digite o n\u00famero do seu CPF.<\/p>\t\t\t\t\t\t\t\t<\/div>\n\t\t\t\t<\/div>\n\t\t\t\t<div class=\"elementor-element elementor-element-083d067 elementor-widget-divider--view-line elementor-widget elementor-widget-divider\" data-id=\"083d067\" data-element_type=\"widget\" data-e-type=\"widget\" data-widget_type=\"divider.default\">\n\t\t\t\t<div class=\"elementor-widget-container\">\n\t\t\t\t\t\t\t<div class=\"elementor-divider\">\n\t\t\t<span class=\"elementor-divider-separator\">\n\t\t\t\t\t\t<\/span>\n\t\t<\/div>\n\t\t\t\t\t\t<\/div>\n\t\t\t\t<\/div>\n\t\t\t\t\t<\/div>\n\t\t<\/div>\n\t\t\t\t\t<\/div>\n\t\t<\/section>\n\t\t\t\t<section class=\"elementor-section elementor-top-section elementor-element elementor-element-1194acd elementor-section-boxed elementor-section-height-default elementor-section-height-default\" data-id=\"1194acd\" data-element_type=\"section\" data-e-type=\"section\">\n\t\t\t\t\t\t<div class=\"elementor-container elementor-column-gap-default\">\n\t\t\t\t\t<div class=\"elementor-column elementor-col-100 elementor-top-column elementor-element elementor-element-f2b7c9c\" data-id=\"f2b7c9c\" data-element_type=\"column\" data-e-type=\"column\">\n\t\t\t<div class=\"elementor-widget-wrap elementor-element-populated\">\n\t\t\t\t\t\t<div class=\"elementor-element elementor-element-d4ca7fa elementor-align-justify elementor-widget elementor-widget-button\" data-id=\"d4ca7fa\" data-element_type=\"widget\" data-e-type=\"widget\" data-widget_type=\"button.default\">\n\t\t\t\t<div class=\"elementor-widget-container\">\n\t\t\t\t\t\t\t\t\t<div class=\"elementor-button-wrapper\">\n\t\t\t\t\t<a class=\"elementor-button elementor-button-link elementor-size-lg\" href=\"https:\/\/www.peteletricaufu.com.br\/ceel\/evento\/certificados\/\" target=\"_blank\">\n\t\t\t\t\t\t<span class=\"elementor-button-content-wrapper\">\n\t\t\t\t\t\t\t\t\t<span class=\"elementor-button-text\">Confer\u00eancia de Estudos em Engenharia El\u00e9trica  (CEEL)<\/span>\n\t\t\t\t\t<\/span>\n\t\t\t\t\t<\/a>\n\t\t\t\t<\/div>\n\t\t\t\t\t\t\t\t<\/div>\n\t\t\t\t<\/div>\n\t\t\t\t<div class=\"elementor-element elementor-element-a5c28e8 elementor-align-justify elementor-widget elementor-widget-button\" data-id=\"a5c28e8\" data-element_type=\"widget\" data-e-type=\"widget\" data-widget_type=\"button.default\">\n\t\t\t\t<div class=\"elementor-widget-container\">\n\t\t\t\t\t\t\t\t\t<div class=\"elementor-button-wrapper\">\n\t\t\t\t\t<a class=\"elementor-button elementor-button-link elementor-size-lg\" href=\"https:\/\/www.peteletricaufu.com.br\/jeel\/evento\/certificados\/\" target=\"_blank\">\n\t\t\t\t\t\t<span class=\"elementor-button-content-wrapper\">\n\t\t\t\t\t\t\t\t\t<span class=\"elementor-button-text\">Jornada da Engenharia El\u00e9trica  (JEEL)<\/span>\n\t\t\t\t\t<\/span>\n\t\t\t\t\t<\/a>\n\t\t\t\t<\/div>\n\t\t\t\t\t\t\t\t<\/div>\n\t\t\t\t<\/div>\n\t\t\t\t<div class=\"elementor-element elementor-element-b29e7b4 elementor-align-justify elementor-widget elementor-widget-button\" data-id=\"b29e7b4\" data-element_type=\"widget\" data-e-type=\"widget\" data-widget_type=\"button.default\">\n\t\t\t\t<div class=\"elementor-widget-container\">\n\t\t\t\t\t\t\t\t\t<div class=\"elementor-button-wrapper\">\n\t\t\t\t\t<a class=\"elementor-button elementor-button-link elementor-size-lg\" href=\"https:\/\/drive.google.com\/drive\/folders\/1pl8rtfw8MV_09XusTjhywfnep_IhdIbZ?usp=sharing\" target=\"_blank\">\n\t\t\t\t\t\t<span class=\"elementor-button-content-wrapper\">\n\t\t\t\t\t\t\t\t\t<span class=\"elementor-button-text\">Conversa\u00e7\u00e3o em Franc\u00eas<\/span>\n\t\t\t\t\t<\/span>\n\t\t\t\t\t<\/a>\n\t\t\t\t<\/div>\n\t\t\t\t\t\t\t\t<\/div>\n\t\t\t\t<\/div>\n\t\t\t\t<div class=\"elementor-element elementor-element-7a14caa elementor-align-justify elementor-widget elementor-widget-button\" data-id=\"7a14caa\" data-element_type=\"widget\" data-e-type=\"widget\" data-widget_type=\"button.default\">\n\t\t\t\t<div class=\"elementor-widget-container\">\n\t\t\t\t\t\t\t\t\t<div class=\"elementor-button-wrapper\">\n\t\t\t\t\t<a class=\"elementor-button elementor-button-link elementor-size-lg\" href=\"https:\/\/drive.google.com\/drive\/folders\/1t6nzcizVXX59uKkTs0N55fdVdfRqec3x?usp=sharing\" target=\"_blank\">\n\t\t\t\t\t\t<span class=\"elementor-button-content-wrapper\">\n\t\t\t\t\t\t\t\t\t<span class=\"elementor-button-text\">Conversa\u00e7\u00e3o em Ingl\u00eas<\/span>\n\t\t\t\t\t<\/span>\n\t\t\t\t\t<\/a>\n\t\t\t\t<\/div>\n\t\t\t\t\t\t\t\t<\/div>\n\t\t\t\t<\/div>\n\t\t\t\t<div class=\"elementor-element elementor-element-d54e5a9 elementor-align-justify elementor-widget elementor-widget-button\" data-id=\"d54e5a9\" data-element_type=\"widget\" data-e-type=\"widget\" data-widget_type=\"button.default\">\n\t\t\t\t<div class=\"elementor-widget-container\">\n\t\t\t\t\t\t\t\t\t<div class=\"elementor-button-wrapper\">\n\t\t\t\t\t<a class=\"elementor-button elementor-button-link elementor-size-lg\" href=\"https:\/\/drive.google.com\/drive\/folders\/1L6lgbSGr-JFdxuYVmnrB6e9ASPwt9BHi?usp=sharing\" target=\"_blank\">\n\t\t\t\t\t\t<span class=\"elementor-button-content-wrapper\">\n\t\t\t\t\t\t\t\t\t<span class=\"elementor-button-text\">Minicurso de Pr\u00e9-Circuitos<\/span>\n\t\t\t\t\t<\/span>\n\t\t\t\t\t<\/a>\n\t\t\t\t<\/div>\n\t\t\t\t\t\t\t\t<\/div>\n\t\t\t\t<\/div>\n\t\t\t\t<div class=\"elementor-element elementor-element-f266948 elementor-align-justify elementor-widget elementor-widget-button\" data-id=\"f266948\" data-element_type=\"widget\" data-e-type=\"widget\" data-widget_type=\"button.default\">\n\t\t\t\t<div class=\"elementor-widget-container\">\n\t\t\t\t\t\t\t\t\t<div class=\"elementor-button-wrapper\">\n\t\t\t\t\t<a class=\"elementor-button elementor-button-link elementor-size-lg\" href=\"https:\/\/drive.google.com\/drive\/folders\/1DGocUBasd6wdtRcEUloEQBkUgcUaTwSL?usp=sharing\" target=\"_blank\">\n\t\t\t\t\t\t<span class=\"elementor-button-content-wrapper\">\n\t\t\t\t\t\t\t\t\t<span class=\"elementor-button-text\">Minicurso de Eletr\u00f4nica B\u00e1sica<\/span>\n\t\t\t\t\t<\/span>\n\t\t\t\t\t<\/a>\n\t\t\t\t<\/div>\n\t\t\t\t\t\t\t\t<\/div>\n\t\t\t\t<\/div>\n\t\t\t\t<div class=\"elementor-element elementor-element-2df2410 elementor-align-justify elementor-widget elementor-widget-button\" data-id=\"2df2410\" data-element_type=\"widget\" data-e-type=\"widget\" data-widget_type=\"button.default\">\n\t\t\t\t<div class=\"elementor-widget-container\">\n\t\t\t\t\t\t\t\t\t<div class=\"elementor-button-wrapper\">\n\t\t\t\t\t<a class=\"elementor-button elementor-size-lg\" role=\"button\">\n\t\t\t\t\t\t<span class=\"elementor-button-content-wrapper\">\n\t\t\t\t\t\t\t\t\t<span class=\"elementor-button-text\">PET Cultural 2024<\/span>\n\t\t\t\t\t<\/span>\n\t\t\t\t\t<\/a>\n\t\t\t\t<\/div>\n\t\t\t\t\t\t\t\t<\/div>\n\t\t\t\t<\/div>\n\t\t\t\t\t<\/div>\n\t\t<\/div>\n\t\t\t\t\t<\/div>\n\t\t<\/section>\n\t\t\t\t<\/div>\n\t\t","protected":false},"excerpt":{"rendered":"<p>Para os certificados de atividades cadastradas no SIAE (Sistema de Informa\u00e7\u00e3o de Assuntos Estudantis) ou no SIEX (Sistema de Informa\u00e7\u00e3o de Extens\u00e3o), clique nos respectivos nomes para acessar os sites e buscar os certificados.\u00a0Os demais certificados est\u00e3o dispon\u00edveis clicando nos bot\u00f5es abaixo. Caso o seu n\u00e3o tenha sido emitido ou esteja incorreto, entre em contato&hellip; <br \/> <a class=\"read-more\" href=\"https:\/\/peteletricaufu.com.br\/pet\/certificados\/\">Read more<\/a><\/p>\n","protected":false},"author":1,"featured_media":0,"parent":0,"menu_order":0,"comment_status":"closed","ping_status":"closed","template":"","meta":{"footnotes":""},"class_list":["post-62","page","type-page","status-publish","hentry"],"_links":{"self":[{"href":"https:\/\/peteletricaufu.com.br\/pet\/wp-json\/wp\/v2\/pages\/62","targetHints":{"allow":["GET"]}}],"collection":[{"href":"https:\/\/peteletricaufu.com.br\/pet\/wp-json\/wp\/v2\/pages"}],"about":[{"href":"https:\/\/peteletricaufu.com.br\/pet\/wp-json\/wp\/v2\/types\/page"}],"author":[{"embeddable":true,"href":"https:\/\/peteletricaufu.com.br\/pet\/wp-json\/wp\/v2\/users\/1"}],"replies":[{"embeddable":true,"href":"https:\/\/peteletricaufu.com.br\/pet\/wp-json\/wp\/v2\/comments?post=62"}],"version-history":[{"count":18,"href":"https:\/\/peteletricaufu.com.br\/pet\/wp-json\/wp\/v2\/pages\/62\/revisions"}],"predecessor-version":[{"id":4279,"href":"https:\/\/peteletricaufu.com.br\/pet\/wp-json\/wp\/v2\/pages\/62\/revisions\/4279"}],"wp:attachment":[{"href":"https:\/\/peteletricaufu.com.br\/pet\/wp-json\/wp\/v2\/media?parent=62"}],"curies":[{"name":"wp","href":"https:\/\/api.w.org\/{rel}","templated":true}]}}